{"id":239,"date":"2022-11-02T11:25:46","date_gmt":"2022-11-02T11:25:46","guid":{"rendered":"https:\/\/drducuclinics.com\/?page_id=239"},"modified":"2025-11-20T14:03:40","modified_gmt":"2025-11-20T14:03:40","slug":"conditions-generales","status":"publish","type":"page","link":"https:\/\/drducuclinics.com\/fr\/conditions-generales\/","title":{"rendered":"TERMES &amp; CONDITIONS"},"content":{"rendered":"<p>Cher Client,<br>Le dr Ducu Cliniques fonctionne comme une entit\u00e9 unifi\u00e9e sous la direction du m\u00eame metteur en sc\u00e8ne, englobant \u00e0 la fois NKD Medical Ltd et M\u00e9decin Ducu Botoaca Clinique Ltd. Le directeur est titulaire exclusif des droits de propri\u00e9t\u00e9 sur toutes les marques de commerce, la propri\u00e9t\u00e9 intellectuelle et exclusive de mat\u00e9riaux associ\u00e9s \u00e0 ces entreprises. Cette propri\u00e9t\u00e9 s&#039;\u00e9tend \u00e0 toutes les marques, les processus et les contenus d\u00e9velopp\u00e9s ou utilis\u00e9s par le Dr Ducu Cliniques, en assurant le contr\u00f4le et la gestion de tous les actifs de propri\u00e9t\u00e9 intellectuelle au sein de l&#039;organisation.<\/p>\n\n\n\n<h3 class=\"wp-block-heading\"><strong>La TVA et les Frais de Consultation de la Politique<\/strong><\/h3>\n\n\n\n<p>Veuillez noter que la TVA peut \u00eatre appliqu\u00e9 \u00e0 des proc\u00e9dures m\u00e9dicales. Donc, tous nos proc\u00e9dures n\u00e9cessitent une premi\u00e8re consultation de m\u00e9decine g\u00e9n\u00e9rale avec une somme de \u00a3500. Au cours de cette consultation, le m\u00e9decin doit \u00e9valuer si la proc\u00e9dure est pour la cosm\u00e9tique ou m\u00e9dical. Cette taxe sert de d\u00e9p\u00f4t et sera d\u00e9duit du co\u00fbt total de toute autre proc\u00e9dure suivante, vous choisissez de subir.<\/p>\n\n\n\n<p>Veuillez noter que nous avons un montant NON REMBOURSABLE de politique pour les montants vers\u00e9s \u00e0 la clinique, par cons\u00e9quent, en aucun cas, les paiements effectu\u00e9s \u00e0 notre Clinique ne seront pas retourn\u00e9es \u00e0 vous, comme il est expliqu\u00e9 dans les pr\u00e9sents Termes et Conditions relatives aux paiements.<\/p>\n\n\n\n<p>Pour cette raison, avant de faire une r\u00e9servation, nous vous demandons de vous assurer que vous \u00eates en mesure de venir \u00e0 votre choix de la date et de l'heure.<\/p>\n\n\n\n<p>En raison du fait que, dans l'intervalle de temps allou\u00e9 pour votre r\u00e9servation confirm\u00e9e, nous refusons d'autres r\u00e9servations, en cas d'annulation ou de no show, le d\u00e9p\u00f4t des paiements sont non remboursables.<\/p>\n\n\n\n<p>Les paiements pour la proc\u00e9dure sera fait avant le d\u00e9but de toute proc\u00e9dure, et dans tous les cas, apr\u00e8s avoir eu une consultation.<\/p>\n\n\n\n<p>Si cela est jug\u00e9 appropri\u00e9 pour une proc\u00e9dure par le m\u00e9decin, avant de d\u00e9cider si vous souhaitez poursuivre une proc\u00e9dure, assurez-vous d'avoir une compl\u00e8te et une compr\u00e9hension approfondie de tous les aspects de votre choix de la proc\u00e9dure, n'h\u00e9sitez pas \u00e0 poser toutes les questions que vous pourriez avoir et toujours \u00eatre conscient que vous pouvez refuser \u00e0 tout moment avoir la proc\u00e9dure effectu\u00e9e, si vous ne consid\u00e9rez pas dans votre meilleur int\u00e9r\u00eat.<\/p>\n\n\n\n<h3 class=\"wp-block-heading\">D\u00e9p\u00f4t de r\u00e9servation les honoraires des Consultations<\/h3>\n\n\n\n<p>Pour la confirmation d'une consultation avec le m\u00e9decin, il vous sera demand\u00e9 de payer les frais de d\u00e9p\u00f4t li\u00e9s \u00e0 chaque type de proc\u00e9dure.<\/p>\n\n\n\n<p>Le co\u00fbt de la consultation est d\u00e9ductible du prix de la proc\u00e9dure qui est, si vous choisissez d'avoir les moyens et si vous \u00eates jug\u00e9 apte \u00e0 la proc\u00e9dure, apr\u00e8s consultation.<\/p>\n\n\n\n<p>Le d\u00e9p\u00f4t de r\u00e9servation les honoraires des consultations sont non remboursables, quelle que soit la raison pour laquelle vous ne pouvez pas venir \u00e0 la journ\u00e9e et de l'heure.<\/p>\n\n\n\n<p><strong><strong>D\u00e9p\u00f4t de r\u00e9servation les honoraires des consultations suivies par les Proc\u00e9dures (pour DrDucu Londres Patients*)<\/strong><\/strong><\/p>\n\n\n\n<p>La r\u00e9servation d'une proc\u00e9dure, sera compos\u00e9 de la consultation avant l'intervention, qui peut \u00eatre suivie par l'ex\u00e9cution de la proc\u00e9dure (si vous d\u00e9cidez de le faire), mais il peut en r\u00e9sulter dans le m\u00e9decin de refuser d'ex\u00e9cuter la proc\u00e9dure sur vous, l'\u00e9valuation que vous ne sont pas adapt\u00e9s \u00e0 une telle proc\u00e9dure, ou qu'il n'est pas dans votre int\u00e9r\u00eat, pour la sant\u00e9 ou Cosm\u00e9tiques &amp; des raisons M\u00e9dicales.<\/p>\n\n\n\n<p>Veuillez noter que, si vous avez eu de la proc\u00e9dure devant, et vous souhaitez r\u00e9server directement la proc\u00e9dure, les frais de d\u00e9p\u00f4t est li\u00e9 \u00e0 la consultation pour la proc\u00e9dure et le reste du montant d\u00fb sera pay\u00e9 avant la proc\u00e9dure.<\/p>\n\n\n\n<p>Le prix des consultations est d\u00e9ductible du prix de l'proc\u00e9dures, si vous choisissez de les avoir et si vous \u00eates jug\u00e9 apte \u00e0 la proc\u00e9dure, apr\u00e8s consultation.<\/p>\n\n\n\n<p>Veuillez noter que, dans tous les cas, nous ne garantissons pas que, apr\u00e8s une consultation vous sera jug\u00e9e appropri\u00e9e pour la proc\u00e9dure que vous avez choisi, par exemple en fonction de votre int\u00e9r\u00eat, compte tenu de votre \u00e9tat de sant\u00e9, les m\u00e9dicaments pris, d\u00e9j\u00e0 mis en \u0153uvre des proc\u00e9dures et actuel n\u00e9cessit\u00e9s m\u00e9dicales.<\/p>\n\n\n\n<p>Veuillez noter que le paiement de l&#039;acompte pour la consultation est non-remboursable, quelle que soit la raison, y compris, mais non limit\u00e9 \u00e0, \u00eatre consid\u00e9r\u00e9e comme impropre \u00e0 la proc\u00e9dure que vous avez choisi.<\/p>\n\n\n\n<h3 class=\"wp-block-heading\"><strong>R\u00e9servation de frais de d\u00e9p\u00f4t pour les Formations effectu\u00e9es par les stagiaires<\/strong><\/h3>\n\n\n\n<p>En raison du fait que, dans l'intervalle de temps allou\u00e9 pour votre r\u00e9servation confirm\u00e9e, nous refusons d'autres r\u00e9servations, en cas d'annulation ou de no show, le d\u00e9p\u00f4t des paiements pour les activit\u00e9s de formation sont non-remboursables.<\/p>\n\n\n\n<h3 class=\"wp-block-heading\"><strong>ANNULATION ET REPORT DE LA POLITIQUE<\/strong> <\/h3>\n\n\n\n<p>Pour la s\u00e9curit\u00e9 de votre proc\u00e9dure date, un <strong>d\u00e9p\u00f4t non-remboursable<\/strong> est n\u00e9cessaire: <strong>\u00a3500<\/strong> pour toutes les proc\u00e9dures de plus de \u00a31,000, <strong>\u00a31,000<\/strong> pour la greffe de cheveux traitements, et <strong>\u00a3150<\/strong> pour le visage traitements injectables.<\/p>\n\n\n\n<p>Si vous choisissez d'annuler ou de reporter, nous pourrions les conserver jusqu'\u00e0 la valeur de votre d\u00e9p\u00f4t comme une v\u00e9ritable estimation de notre co\u00fbts directs \u2014 y compris l'administration de la pr\u00e9paration, de la pr\u00e9-op\u00e9ratoire de travail, et r\u00e9serv\u00e9 clinique ou le th\u00e9\u00e2tre du temps. Notre perte r\u00e9elle plus faible, ou si nous sommes en mesure de relouer votre rendez-vous logement, le solde restant sera rembours\u00e9 en cons\u00e9quence.<\/p>\n\n\n\n<p>Dans le cas peu probable que nous devons annuler votre proc\u00e9dure, vous recevrez un <strong>remboursement complet<\/strong> pour tous les services non encore fournis.<\/p>\n\n\n\n<p>Pour les r\u00e9servations en ligne ou par t\u00e9l\u00e9phone, un <strong>14 jours de d\u00e9lai de r\u00e9tractation<\/strong> s'applique. Si vous nous demandez de commencer services \u00e0 l'int\u00e9rieur de cette p\u00e9riode, vous acceptez que proportionnelle des frais pour tout le travail d\u00e9j\u00e0 effectu\u00e9 sera factur\u00e9. Une fois que le service a \u00e9t\u00e9 pleinement ex\u00e9cut\u00e9, le refroidissement de droit ne s'applique plus.<\/p>\n\n\n\n<p>Nous vous demandons de fournir au moins <strong>72 heures d'avis<\/strong> si vous devez annuler ou reporter un soin du visage injectable rendez-vous. Cela nous permet de r\u00e9pondre \u00e0 votre demande et faire les arrangements n\u00e9cessaires.<\/p>\n\n\n\n<p>Par le paiement de la caution, vous confirmez votre acceptation de cette politique. Cela n'affecte pas vos droits statutaires.<\/p>\n\n\n\n<h3 class=\"wp-block-heading\"><strong>LES RETARDS DE LA POLITIQUE<\/strong><\/h3>\n\n\n\n<p>Nous permettons \u00e0 un <strong>\u00c0 15 minutes de d\u00e9lai de gr\u00e2ce<\/strong> pour les arriv\u00e9es tardives. Toutefois, si vous arrivez plus de 15 minutes apr\u00e8s votre heure de rendez-vous, votre rendez-vous pourrait \u00eatre report\u00e9e, et un <strong>des frais de retard \u00e9quivalent \u00e0 la totalit\u00e9 des frais de consultation<\/strong> s'appliqueront.<\/p>\n\n\n\n<h3 class=\"wp-block-heading\"><strong><strong>NO-SHOW POLITIQUE<\/strong><\/strong><\/h3>\n\n\n\n<p>Si vous ne vous pr\u00e9sentez pas \u00e0 votre rendez-vous sans fournir d'avis pr\u00e9alable d'annulation ou de report, votre d\u00e9p\u00f4t sera confisqu\u00e9.<\/p>\n\n\n\n<p>Je vous remercie pour votre compr\u00e9hension et votre coop\u00e9ration.<br>Si vous avez des questions concernant cette politique, veuillez ne pas h\u00e9siter \u00e0 prendre contact avec notre \u00e9quipe.<\/p>\n\n\n\n<h3 class=\"wp-block-heading\"><strong><strong><strong>Le Dr Ducu Acad\u00e9mie<\/strong><\/strong><\/strong><\/h3>\n\n\n\n<ol class=\"wp-block-list\">\n<li>L'admissibilit\u00e9 \u00e0 l'Inscription Dr Ducu Acad\u00e9mie offre des cours de ma\u00eetre et des cours exclusivement pour les m\u00e9decins, les infirmi\u00e8res et les autres professionnels de la sant\u00e9. L'inscription est soumise au respect de chaque pays, la l\u00e9gislation r\u00e9gissant la formation m\u00e9dicale et des qualifications professionnelles. Les Participants doivent s'assurer qu'ils respectent les exigences l\u00e9gales dans leurs pays respectifs, pour assister \u00e0 des programmes de formation m\u00e9dicale.<\/li>\n\n\n\n<li>Dipl\u00f4me de l'\u00c9mission Dr Ducu Academy propose un dipl\u00f4me de participation et d'un dipl\u00f4me de fin pour les m\u00e9decins et les professionnels de la sant\u00e9 qui assister et compl\u00e9ter les programmes de formation. Ces dipl\u00f4mes attester de la participation et de la r\u00e9ussite du cours, mais ne conf\u00e8rent pas officiel une qualification m\u00e9dicale ou de licence, ni de vous donner le droit d'avoir de l'assurance ou le droit \u00e0 la pratique. C'est un cours pour la Poursuite du D\u00e9veloppement Personnel (DPC) qui montre comment faire cette proc\u00e9dure en toute s\u00e9curit\u00e9, mais nous ne sommes pas un organisme de r\u00e9glementation, qui peuvent offrir de l'accr\u00e9ditation.<\/li>\n\n\n\n<li>Conformit\u00e9 avec la R\u00e9glementation Locale, Il est de la responsabilit\u00e9 du participant de v\u00e9rifier que la participation \u00e0 Dr Ducu de l'Acad\u00e9mie de cours est conforme \u00e0 la r\u00e9glementation locale en vigueur dans leur pays. Le dr Ducu Acad\u00e9mie n'assume aucune responsabilit\u00e9 pour la v\u00e9rification de l'admissibilit\u00e9 des participants au-del\u00e0 de la condition des exigences du cours.<br>En vous inscrivant \u00e0 nos cours, vous reconnaissez et acceptez ces termes et confirmer leur conformit\u00e9 avec les r\u00e9gulations m\u00e9dicales dans leur pays.<\/li>\n<\/ol>\n\n\n\n<p><br><strong>*DISCALIMER pour la VID\u00c9O en LIGNE cours de ma\u00eetre: Vous comprenez et reconnaissez que par l'achat en ligne, cours de ma\u00eetre, vous n'y gagnerez pas\/ne sera accord\u00e9 aucun droit \u00e0 la pratique de la proc\u00e9dure. Les informations fournies repr\u00e9sente l'opinion de t\/a DrDucu Londres et ne doit pas \u00eatre invoqu\u00e9 de mani\u00e8re diff\u00e9rente. Le tutoriel en ligne ne porte pas atteinte aux droits de tiers. Toutes les autres garanties, conditions, d\u00e9clarations ou engagements implicite ou autrement, \u00e0 l'\u00e9gard de l'tutoriel en ligne, sont exclues dans toute la mesure permise par la loi.<\/strong><\/p>\n\n\n\n<p>Ne pas utiliser des techniques qui ont d\u00e9montr\u00e9 sans l&#039;avis d&#039;un professionnel de la sant\u00e9 qualifi\u00e9 en premier.<br>En achetant cette vid\u00e9o vous reconnaissez ci-dessus et de comprendre que cette vid\u00e9o est non-remboursable en toutes circonstances et n'est pas un substitut \u00e0 la formation professionnelle ou \u00e0 l'agr\u00e9ment.<\/p>\n\n\n\n<p>Il n&#039;est pas fait en aucune fa\u00e7on que pour donner droit \u00e0 la pratique l&#039;a pr\u00e9sent\u00e9 les proc\u00e9dures.<\/p>\n\n\n\n<p>Tous les droits d&#039;auteur sont d\u00e9tenus par DrDucu Londres, et ne doivent pas \u00eatre vendus ou reproduit de quelque fa\u00e7on.<\/p>\n\n\n\n<p>Vous comprenez que cette vid\u00e9o est un tutoriel uniquement et n&#039;est pas admissible \u00e0 vous injecter ou obtenir de l&#039;assurance.<\/p>\n\n\n\n<p>En aucun cas DrDucu Londres (NKD Medical Ltd ou un M\u00e9decin Ducu Botoaca Clinique Ltd) \u00eatre responsable de toute perte ou dommage, y compris la perte de profits, perte de profit ou toute perte directe ou indirecte d\u00e9coulant de la confiance ou la pr\u00e9tendue d\u00e9pendance sur les techniques pr\u00e9sent\u00e9es. Toute responsabilit\u00e9 pour la mort ou les blessures personnelles exclue.<\/p>\n\n\n\n<p>La vid\u00e9o est disponible pour un utilisateur nomm\u00e9 seulement, lors de l'achat de la vid\u00e9o \u00e0 l'acheteur la confirmation qu'DrDucu Londres accorde le droit d'utiliser la vid\u00e9o par un utilisateur nomm\u00e9 seulement (comme le mentionne une adresse de courriel fournie \u00e0 l'achat), mais il n'accorde en aucune mani\u00e8re le droit de reproduire, par quelque moyen ou \u00e0 le partager \u00e0 d'autres personnes\/entit\u00e9s qui, directement ou indirectement.<\/p>\n\n\n\n<p>L&#039;acheteur reconna\u00eet qu&#039;il n&#039;est pas autoris\u00e9 \u00e0 partager les vid\u00e9os ou n&#039;importe quel journal dans les d\u00e9tails avec quelqu&#039;un d&#039;autre.<\/p>\n\n\n\n<p>L&#039;adresse e-mail et les adresses IP sont captur\u00e9es et trait\u00e9es conform\u00e9ment \u00e0 la Politique de Confidentialit\u00e9 et sont utilis\u00e9s pour surveiller l&#039;utilisation de la vid\u00e9o, donc assurez-vous d&#039;utiliser un p\u00e9riph\u00e9rique et un emplacement.<\/p>\n\n\n\n<p>Nous vous proposons des ultrasons \u00e0 des \u00e9valuations afin de d\u00e9terminer la pr\u00e9sence de corps de remplissage; toutefois, veuillez noter que nous ne sommes pas les radiologues et ne peut pas fournir une \u00e9valuation compl\u00e8te, et nous ne prenons aucune responsabilit\u00e9 juridique pour les r\u00e9sultats<\/p>\n\n\n\n<p>Pour toutes les questions que vous pourriez avoir, veuillez contacter l&#039;un des membres de notre \u00e9quipe aux coordonn\u00e9es de contact list\u00e9es \u00e0&nbsp;<a href=\"https:\/\/drducuclinics.com\/fr\/\">www.drducuclinics.com<\/a><\/p>\n\n\n\n<hr class=\"wp-block-separator has-alpha-channel-opacity\"\/>\n\n\n\n<h3 class=\"wp-block-heading\"><strong><strong>BLACK FRIDAY POLITIQUE<\/strong><\/strong><\/h3>\n\n\n\n<h3 class=\"wp-block-heading\"><strong><strong><strong>DES R\u00c9SERVATIONS &amp; BLACK FRIDAY OFFRE<\/strong><\/strong><\/strong><\/h3>\n\n\n\n<p>Black Friday promotions s'appliquent uniquement aux nouvelles r\u00e9servations effectu\u00e9es au cours de la p\u00e9riode promotionnelle.<\/p>\n\n\n\n<p>Des rendez-vous existants ne peut pas \u00eatre transf\u00e9r\u00e9, modifi\u00e9 ou r\u00e9-\u00e9valu\u00e9 en vertu de toute offre de vendredi Noir.<\/p>\n\n\n\n<p>Les Clients qui souhaitent utiliser le Black Friday tarifs promotionnels peuvent le faire par la planification d'un nouveau rendez-vous.<\/p>\n\n\n\n<h3 class=\"wp-block-heading\"><strong><strong><strong><strong>ANNULATION ET REPORT DE LA POLITIQUE<\/strong><\/strong><\/strong><\/strong><\/h3>\n\n\n\n<p>Pour la s\u00e9curit\u00e9 de votre proc\u00e9dure de date, <strong>un d\u00e9p\u00f4t non-remboursable<\/strong> est n\u00e9cessaire: <strong>\u00a31 000 pour DBL\u2122, Skintight\u2122 greffe de cheveux et traitements<\/strong>. Une fois que votre d\u00e9p\u00f4t a \u00e9t\u00e9 re\u00e7u, vous devez <strong>jusqu'\u00e0<\/strong> <strong>six mois<\/strong> \u00e0 l'horaire de votre proc\u00e9dure, \u00e0 une heure qui vous convient.<\/p>\n\n\n\n<p>Le d\u00e9p\u00f4t est <strong>strictement non-remboursable<\/strong>, dans toutes les circonstances. Cependant, vous pouvez reporter votre rendez-vous \u00e0 condition que vous donnez \u00e0 <strong>moins de 7 jours ouvrables de l'avis<\/strong>. Cela nous permet de r\u00e9pondre \u00e0 votre demande et faire les arrangements n\u00e9cessaires. Si moins de 7 jours ouvrables \u00e0 l'avis est donn\u00e9, le d\u00e9p\u00f4t de garantie restera non-remboursable et un nouveau d\u00e9p\u00f4t peut \u00eatre n\u00e9cessaire pour fixer une autre date.<\/p>\n\n\n\n<p>Le paiement de l'acompte confirme votre acceptation de cette politique et n'affecte pas vos droits statutaires.<\/p>\n\n\n\n<h3 class=\"wp-block-heading\"><strong><strong><strong><strong><strong>LES RETARDS DE LA POLITIQUE<\/strong><\/strong><\/strong><\/strong><\/strong><\/h3>\n\n\n\n<p>Une p\u00e9riode de gr\u00e2ce de <strong>15 minutes<\/strong> est autoris\u00e9 pour les arriv\u00e9es tardives.<\/p>\n\n\n\n<p>Les Clients arrivant plus de 15 minutes apr\u00e8s l'heure pr\u00e9vue peut avoir besoin de reprogrammer, et une p\u00e9nalit\u00e9 de retard \u00e9quivalente \u00e0 la totalit\u00e9 de la caution des frais peuvent s'appliquer.<\/p>\n\n\n\n<h3 class=\"wp-block-heading\"><strong><strong><strong><strong><strong><strong>NO-SHOW POLITIQUE<\/strong><\/strong><\/strong><\/strong><\/strong><\/strong><\/h3>\n\n\n\n<p>Si vous ne vous pr\u00e9sentez pas \u00e0 votre rendez-vous sans fournir d'avis pr\u00e9alable d'annulation ou de report, <strong>votre d\u00e9p\u00f4t sera confisqu\u00e9<\/strong>.<\/p>","protected":false},"excerpt":{"rendered":"<p>Dear Customer,Dr. Ducu Clinics operates as a unified entity under the leadership of the same director, encompassing both NKD Medical Ltd and Doctor Ducu Botoaca Clinic Ltd. The director holds exclusive ownership rights to all trademarks, intellectual property, and proprietary materials associated with these companies. This ownership extends to any brands, processes, and content developed [&hellip;]<\/p>\n","protected":false},"author":1,"featured_media":0,"parent":0,"menu_order":0,"comment_status":"closed","ping_status":"closed","template":"","meta":{"_acf_changed":false,"footnotes":""},"class_list":["post-239","page","type-page","status-publish","hentry"],"acf":[],"yoast_head":"<!-- This site is optimized with the Yoast SEO plugin v27.4 - https:\/\/yoast.com\/product\/yoast-seo-wordpress\/ -->\n<title>TERMS &amp; CONDITIONS | Dr. Ducu Clinics<\/title>\n<meta name=\"robots\" content=\"noindex, nofollow\" \/>\n<meta property=\"og:locale\" content=\"fr_FR\" \/>\n<meta property=\"og:type\" content=\"article\" \/>\n<meta property=\"og:title\" content=\"TERMS &amp; CONDITIONS | Dr. Ducu Clinics\" \/>\n<meta property=\"og:description\" content=\"Dear Customer,Dr. Ducu Clinics operates as a unified entity under the leadership of the same director, encompassing both NKD Medical Ltd and Doctor Ducu Botoaca Clinic Ltd. The director holds exclusive ownership rights to all trademarks, intellectual property, and proprietary materials associated with these companies. This ownership extends to any brands, processes, and content developed [&hellip;]\" \/>\n<meta property=\"og:url\" content=\"https:\/\/drducuclinics.com\/fr\/conditions-generales\/\" \/>\n<meta property=\"og:site_name\" content=\"Dr. Ducu Clinics\" \/>\n<meta property=\"article:publisher\" content=\"https:\/\/www.facebook.com\/drducu.london\" \/>\n<meta property=\"article:modified_time\" content=\"2025-11-20T14:03:40+00:00\" \/>\n<meta property=\"og:image\" content=\"https:\/\/drducuclinics.com\/wp-content\/uploads\/2022\/10\/logo.png\" \/>\n\t<meta property=\"og:image:width\" content=\"2000\" \/>\n\t<meta property=\"og:image:height\" content=\"1176\" \/>\n\t<meta property=\"og:image:type\" content=\"image\/png\" \/>\n<meta name=\"twitter:card\" content=\"summary_large_image\" \/>\n<meta name=\"twitter:label1\" content=\"Dur\u00e9e de lecture estim\u00e9e\" \/>\n\t<meta name=\"twitter:data1\" content=\"9 minutes\" \/>\n<script type=\"application\/ld+json\" class=\"yoast-schema-graph\">{\"@context\":\"https:\\\/\\\/schema.org\",\"@graph\":[{\"@type\":\"WebPage\",\"@id\":\"https:\\\/\\\/drducuclinics.com\\\/terms-conditions\\\/\",\"url\":\"https:\\\/\\\/drducuclinics.com\\\/terms-conditions\\\/\",\"name\":\"TERMS &amp; CONDITIONS | Dr. Ducu Clinics\",\"isPartOf\":{\"@id\":\"https:\\\/\\\/drducuclinics.com\\\/#website\"},\"datePublished\":\"2022-11-02T11:25:46+00:00\",\"dateModified\":\"2025-11-20T14:03:40+00:00\",\"breadcrumb\":{\"@id\":\"https:\\\/\\\/drducuclinics.com\\\/terms-conditions\\\/#breadcrumb\"},\"inLanguage\":\"fr-FR\",\"potentialAction\":[{\"@type\":\"ReadAction\",\"target\":[\"https:\\\/\\\/drducuclinics.com\\\/terms-conditions\\\/\"]}]},{\"@type\":\"BreadcrumbList\",\"@id\":\"https:\\\/\\\/drducuclinics.com\\\/terms-conditions\\\/#breadcrumb\",\"itemListElement\":[{\"@type\":\"ListItem\",\"position\":1,\"name\":\"Home\",\"item\":\"https:\\\/\\\/drducuclinics.com\\\/\"},{\"@type\":\"ListItem\",\"position\":2,\"name\":\"TERMS &amp; CONDITIONS\"}]},{\"@type\":\"WebSite\",\"@id\":\"https:\\\/\\\/drducuclinics.com\\\/#website\",\"url\":\"https:\\\/\\\/drducuclinics.com\\\/\",\"name\":\"Dr. Ducu Clinics\",\"description\":\"Dr. Ducu Clinics\",\"publisher\":{\"@id\":\"https:\\\/\\\/drducuclinics.com\\\/#organization\"},\"potentialAction\":[{\"@type\":\"SearchAction\",\"target\":{\"@type\":\"EntryPoint\",\"urlTemplate\":\"https:\\\/\\\/drducuclinics.com\\\/?s={search_term_string}\"},\"query-input\":{\"@type\":\"PropertyValueSpecification\",\"valueRequired\":true,\"valueName\":\"search_term_string\"}}],\"inLanguage\":\"fr-FR\"},{\"@type\":\"Organization\",\"@id\":\"https:\\\/\\\/drducuclinics.com\\\/#organization\",\"name\":\"Dr. Ducu Clinics\",\"url\":\"https:\\\/\\\/drducuclinics.com\\\/\",\"logo\":{\"@type\":\"ImageObject\",\"inLanguage\":\"fr-FR\",\"@id\":\"https:\\\/\\\/drducuclinics.com\\\/#\\\/schema\\\/logo\\\/image\\\/\",\"url\":\"https:\\\/\\\/drducuclinics.com\\\/wp-content\\\/uploads\\\/2022\\\/10\\\/DrDucu-Gradient-cropped.svg\",\"contentUrl\":\"https:\\\/\\\/drducuclinics.com\\\/wp-content\\\/uploads\\\/2022\\\/10\\\/DrDucu-Gradient-cropped.svg\",\"width\":1314,\"height\":1633,\"caption\":\"Dr. Ducu Clinics\"},\"image\":{\"@id\":\"https:\\\/\\\/drducuclinics.com\\\/#\\\/schema\\\/logo\\\/image\\\/\"},\"sameAs\":[\"https:\\\/\\\/www.facebook.com\\\/drducu.london\",\"https:\\\/\\\/www.instagram.com\\\/drducu.clinics\\\/\"]}]}<\/script>\n<!-- \/ Yoast SEO plugin. -->","yoast_head_json":{"title":"TERMES et CONDITIONS | Dr Ducu Cliniques","robots":{"index":"noindex","follow":"nofollow"},"og_locale":"fr_FR","og_type":"article","og_title":"TERMS &amp; CONDITIONS | Dr. Ducu Clinics","og_description":"Dear Customer,Dr. Ducu Clinics operates as a unified entity under the leadership of the same director, encompassing both NKD Medical Ltd and Doctor Ducu Botoaca Clinic Ltd. The director holds exclusive ownership rights to all trademarks, intellectual property, and proprietary materials associated with these companies. This ownership extends to any brands, processes, and content developed [&hellip;]","og_url":"https:\/\/drducuclinics.com\/fr\/conditions-generales\/","og_site_name":"Dr. Ducu Clinics","article_publisher":"https:\/\/www.facebook.com\/drducu.london","article_modified_time":"2025-11-20T14:03:40+00:00","og_image":[{"width":2000,"height":1176,"url":"https:\/\/drducuclinics.com\/wp-content\/uploads\/2022\/10\/logo.png","type":"image\/png"}],"twitter_card":"summary_large_image","twitter_misc":{"Dur\u00e9e de lecture estim\u00e9e":"9 minutes"},"schema":{"@context":"https:\/\/schema.org","@graph":[{"@type":"WebPage","@id":"https:\/\/drducuclinics.com\/terms-conditions\/","url":"https:\/\/drducuclinics.com\/terms-conditions\/","name":"TERMES et CONDITIONS | Dr Ducu Cliniques","isPartOf":{"@id":"https:\/\/drducuclinics.com\/#website"},"datePublished":"2022-11-02T11:25:46+00:00","dateModified":"2025-11-20T14:03:40+00:00","breadcrumb":{"@id":"https:\/\/drducuclinics.com\/terms-conditions\/#breadcrumb"},"inLanguage":"fr-FR","potentialAction":[{"@type":"ReadAction","target":["https:\/\/drducuclinics.com\/terms-conditions\/"]}]},{"@type":"BreadcrumbList","@id":"https:\/\/drducuclinics.com\/terms-conditions\/#breadcrumb","itemListElement":[{"@type":"ListItem","position":1,"name":"Home","item":"https:\/\/drducuclinics.com\/"},{"@type":"ListItem","position":2,"name":"TERMS &amp; CONDITIONS"}]},{"@type":"WebSite","@id":"https:\/\/drducuclinics.com\/#website","url":"https:\/\/drducuclinics.com\/","name":"Le Dr Ducu Cliniques","description":"Le Dr Ducu Cliniques","publisher":{"@id":"https:\/\/drducuclinics.com\/#organization"},"potentialAction":[{"@type":"SearchAction","target":{"@type":"EntryPoint","urlTemplate":"https:\/\/drducuclinics.com\/?s={search_term_string}"},"query-input":{"@type":"PropertyValueSpecification","valueRequired":true,"valueName":"search_term_string"}}],"inLanguage":"fr-FR"},{"@type":"Organization","@id":"https:\/\/drducuclinics.com\/#organization","name":"Le Dr Ducu Cliniques","url":"https:\/\/drducuclinics.com\/","logo":{"@type":"ImageObject","inLanguage":"fr-FR","@id":"https:\/\/drducuclinics.com\/#\/schema\/logo\/image\/","url":"https:\/\/drducuclinics.com\/wp-content\/uploads\/2022\/10\/DrDucu-Gradient-cropped.svg","contentUrl":"https:\/\/drducuclinics.com\/wp-content\/uploads\/2022\/10\/DrDucu-Gradient-cropped.svg","width":1314,"height":1633,"caption":"Dr. Ducu Clinics"},"image":{"@id":"https:\/\/drducuclinics.com\/#\/schema\/logo\/image\/"},"sameAs":["https:\/\/www.facebook.com\/drducu.london","https:\/\/www.instagram.com\/drducu.clinics\/"]}]}},"_links":{"self":[{"href":"https:\/\/drducuclinics.com\/fr\/wp-json\/wp\/v2\/pages\/239","targetHints":{"allow":["GET"]}}],"collection":[{"href":"https:\/\/drducuclinics.com\/fr\/wp-json\/wp\/v2\/pages"}],"about":[{"href":"https:\/\/drducuclinics.com\/fr\/wp-json\/wp\/v2\/types\/page"}],"author":[{"embeddable":true,"href":"https:\/\/drducuclinics.com\/fr\/wp-json\/wp\/v2\/users\/1"}],"replies":[{"embeddable":true,"href":"https:\/\/drducuclinics.com\/fr\/wp-json\/wp\/v2\/comments?post=239"}],"version-history":[{"count":14,"href":"https:\/\/drducuclinics.com\/fr\/wp-json\/wp\/v2\/pages\/239\/revisions"}],"predecessor-version":[{"id":16611,"href":"https:\/\/drducuclinics.com\/fr\/wp-json\/wp\/v2\/pages\/239\/revisions\/16611"}],"wp:attachment":[{"href":"https:\/\/drducuclinics.com\/fr\/wp-json\/wp\/v2\/media?parent=239"}],"curies":[{"name":"wp","href":"https:\/\/api.w.org\/{rel}","templated":true}]}}