{"id":227,"date":"2022-11-02T11:16:59","date_gmt":"2022-11-02T11:16:59","guid":{"rendered":"https:\/\/drducuclinics.com\/?page_id=227"},"modified":"2024-10-31T20:23:05","modified_gmt":"2024-10-31T20:23:05","slug":"clause-de-non-responsabilite","status":"publish","type":"page","link":"https:\/\/drducuclinics.com\/fr\/clause-de-non-responsabilite\/","title":{"rendered":"Avertissement"},"content":{"rendered":"<div data-elementor-type=\"wp-page\" data-elementor-id=\"227\" class=\"elementor elementor-227\" data-elementor-post-type=\"page\">\n\t\t\t\t\t\t<section class=\"elementor-section elementor-top-section elementor-element elementor-element-60dc7bea elementor-section-boxed elementor-section-height-default elementor-section-height-default\" data-id=\"60dc7bea\" data-element_type=\"section\" data-e-type=\"section\">\n\t\t\t\t\t\t<div class=\"elementor-container elementor-column-gap-default\">\n\t\t\t\t\t<div class=\"elementor-column elementor-col-100 elementor-top-column elementor-element elementor-element-7a2b99bd\" data-id=\"7a2b99bd\" data-element_type=\"column\" data-e-type=\"column\">\n\t\t\t<div class=\"elementor-widget-wrap elementor-element-populated\">\n\t\t\t\t\t\t<div class=\"elementor-element elementor-element-b21d7ae elementor-widget elementor-widget-text-editor\" data-id=\"b21d7ae\" data-element_type=\"widget\" data-e-type=\"widget\" data-settings=\"{&quot;ekit_we_effect_on&quot;:&quot;none&quot;}\" data-widget_type=\"text-editor.default\">\n\t\t\t\t<div class=\"elementor-widget-container\">\n\t\t\t\t\t\t\t\t\t<p>Les informations contenues sur&nbsp;<a href=\"https:\/\/drducuclinics.com\/fr\">drducuclinics.com<\/a> site internet (le \u201cService\u201d) est \u00e0 des fins d&#039;information g\u00e9n\u00e9rale seulement.<\/p>\n<p>NKD Medical LTD n&#039;assume aucune responsabilit\u00e9 pour les erreurs ou omissions dans le contenu sur le Service.<\/p>\n<p>En aucun cas NKD Medical LTD ne pourra \u00eatre tenue responsable des dommages sp\u00e9ciaux, directs, indirects, cons\u00e9cutifs ou accessoires, ou des dommages, que ce soit dans une action de contrat, n\u00e9gligence ou autre d\u00e9lit, d\u00e9coulant de ou en relation avec l&#039;utilisation du Service ou le contenu du Service. NKD Medical LTD se r\u00e9serve le droit de proc\u00e9der \u00e0 des ajouts, des suppressions ou modification du contenu sur le Service \u00e0 tout moment et sans pr\u00e9avis.<\/p>\n<p>NKD Medical LTD ne garantit pas que le site est exempt de virus ou d&#039;autres composants nuisibles.<\/p>\n<p>Avertissement concernant les liens externes<br><a href=\"https:\/\/drducuclinics.com\/fr\">https:\/\/www.drducuclinics.com<\/a>&nbsp;site web peut contenir des liens vers des sites externes qui ne sont pas fournies ou maintenues par ou en aucune fa\u00e7on affili\u00e9e \u00e0 NKD Medical LTD.<\/p>\n<p>Veuillez noter que le NKD Medical LTD ne garantit pas l&#039;exactitude, la pertinence, l&#039;actualit\u00e9 ou l&#039;exhaustivit\u00e9 des informations figurant sur ces sites web externes.<\/p>\t\t\t\t\t\t\t\t<\/div>\n\t\t\t\t<\/div>\n\t\t\t\t\t<\/div>\n\t\t<\/div>\n\t\t\t\t\t<\/div>\n\t\t<\/section>\n\t\t\t\t<\/div>","protected":false},"excerpt":{"rendered":"<p>The information contained on&nbsp;drducuclinics.com website (the \u201cService\u201d) is for general information purposes only. NKD Medical&nbsp;LTD assumes no responsibility for errors or omissions in the contents on the Service. In no event shall NKD Medical LTD be liable for any special, direct, indirect, consequential, or incidental damages or any damages whatsoever, whether in an action of [&hellip;]<\/p>\n","protected":false},"author":1,"featured_media":0,"parent":0,"menu_order":0,"comment_status":"closed","ping_status":"closed","template":"","meta":{"_acf_changed":false,"footnotes":""},"class_list":["post-227","page","type-page","status-publish","hentry"],"acf":[],"yoast_head":"<!-- This site is optimized with the Yoast SEO plugin v27.4 - https:\/\/yoast.com\/product\/yoast-seo-wordpress\/ -->\n<title>Disclaimer | Dr. Ducu Clinics<\/title>\n<meta name=\"robots\" content=\"noindex, nofollow\" \/>\n<meta property=\"og:locale\" content=\"fr_FR\" \/>\n<meta property=\"og:type\" content=\"article\" \/>\n<meta property=\"og:title\" content=\"Disclaimer | Dr. Ducu Clinics\" \/>\n<meta property=\"og:description\" content=\"The information contained on&nbsp;drducuclinics.com website (the \u201cService\u201d) is for general information purposes only. NKD Medical&nbsp;LTD assumes no responsibility for errors or omissions in the contents on the Service. In no event shall NKD Medical LTD be liable for any special, direct, indirect, consequential, or incidental damages or any damages whatsoever, whether in an action of [&hellip;]\" \/>\n<meta property=\"og:url\" content=\"https:\/\/drducuclinics.com\/fr\/clause-de-non-responsabilite\/\" \/>\n<meta property=\"og:site_name\" content=\"Dr. Ducu Clinics\" \/>\n<meta property=\"article:publisher\" content=\"https:\/\/www.facebook.com\/drducu.london\" \/>\n<meta property=\"article:modified_time\" content=\"2024-10-31T20:23:05+00:00\" \/>\n<meta property=\"og:image\" content=\"https:\/\/drducuclinics.com\/wp-content\/uploads\/2022\/10\/logo.png\" \/>\n\t<meta property=\"og:image:width\" content=\"2000\" \/>\n\t<meta property=\"og:image:height\" content=\"1176\" \/>\n\t<meta property=\"og:image:type\" content=\"image\/png\" \/>\n<meta name=\"twitter:card\" content=\"summary_large_image\" \/>\n<meta name=\"twitter:label1\" content=\"Dur\u00e9e de lecture estim\u00e9e\" \/>\n\t<meta name=\"twitter:data1\" content=\"1 minute\" \/>\n<script type=\"application\/ld+json\" class=\"yoast-schema-graph\">{\"@context\":\"https:\\\/\\\/schema.org\",\"@graph\":[{\"@type\":\"WebPage\",\"@id\":\"https:\\\/\\\/drducuclinics.com\\\/disclaimer\\\/\",\"url\":\"https:\\\/\\\/drducuclinics.com\\\/disclaimer\\\/\",\"name\":\"Disclaimer | Dr. Ducu Clinics\",\"isPartOf\":{\"@id\":\"https:\\\/\\\/drducuclinics.com\\\/#website\"},\"datePublished\":\"2022-11-02T11:16:59+00:00\",\"dateModified\":\"2024-10-31T20:23:05+00:00\",\"breadcrumb\":{\"@id\":\"https:\\\/\\\/drducuclinics.com\\\/disclaimer\\\/#breadcrumb\"},\"inLanguage\":\"fr-FR\",\"potentialAction\":[{\"@type\":\"ReadAction\",\"target\":[\"https:\\\/\\\/drducuclinics.com\\\/disclaimer\\\/\"]}]},{\"@type\":\"BreadcrumbList\",\"@id\":\"https:\\\/\\\/drducuclinics.com\\\/disclaimer\\\/#breadcrumb\",\"itemListElement\":[{\"@type\":\"ListItem\",\"position\":1,\"name\":\"Home\",\"item\":\"https:\\\/\\\/drducuclinics.com\\\/\"},{\"@type\":\"ListItem\",\"position\":2,\"name\":\"Disclaimer\"}]},{\"@type\":\"WebSite\",\"@id\":\"https:\\\/\\\/drducuclinics.com\\\/#website\",\"url\":\"https:\\\/\\\/drducuclinics.com\\\/\",\"name\":\"Dr. Ducu Clinics\",\"description\":\"Dr. Ducu Clinics\",\"publisher\":{\"@id\":\"https:\\\/\\\/drducuclinics.com\\\/#organization\"},\"potentialAction\":[{\"@type\":\"SearchAction\",\"target\":{\"@type\":\"EntryPoint\",\"urlTemplate\":\"https:\\\/\\\/drducuclinics.com\\\/?s={search_term_string}\"},\"query-input\":{\"@type\":\"PropertyValueSpecification\",\"valueRequired\":true,\"valueName\":\"search_term_string\"}}],\"inLanguage\":\"fr-FR\"},{\"@type\":\"Organization\",\"@id\":\"https:\\\/\\\/drducuclinics.com\\\/#organization\",\"name\":\"Dr. Ducu Clinics\",\"url\":\"https:\\\/\\\/drducuclinics.com\\\/\",\"logo\":{\"@type\":\"ImageObject\",\"inLanguage\":\"fr-FR\",\"@id\":\"https:\\\/\\\/drducuclinics.com\\\/#\\\/schema\\\/logo\\\/image\\\/\",\"url\":\"https:\\\/\\\/drducuclinics.com\\\/wp-content\\\/uploads\\\/2022\\\/10\\\/DrDucu-Gradient-cropped.svg\",\"contentUrl\":\"https:\\\/\\\/drducuclinics.com\\\/wp-content\\\/uploads\\\/2022\\\/10\\\/DrDucu-Gradient-cropped.svg\",\"width\":1314,\"height\":1633,\"caption\":\"Dr. Ducu Clinics\"},\"image\":{\"@id\":\"https:\\\/\\\/drducuclinics.com\\\/#\\\/schema\\\/logo\\\/image\\\/\"},\"sameAs\":[\"https:\\\/\\\/www.facebook.com\\\/drducu.london\",\"https:\\\/\\\/www.instagram.com\\\/drducu.clinics\\\/\"]}]}<\/script>\n<!-- \/ Yoast SEO plugin. -->","yoast_head_json":{"title":"Disclaimer | Dr. Ducu Clinics","robots":{"index":"noindex","follow":"nofollow"},"og_locale":"fr_FR","og_type":"article","og_title":"Disclaimer | Dr. Ducu Clinics","og_description":"The information contained on&nbsp;drducuclinics.com website (the \u201cService\u201d) is for general information purposes only. NKD Medical&nbsp;LTD assumes no responsibility for errors or omissions in the contents on the Service. In no event shall NKD Medical LTD be liable for any special, direct, indirect, consequential, or incidental damages or any damages whatsoever, whether in an action of [&hellip;]","og_url":"https:\/\/drducuclinics.com\/fr\/clause-de-non-responsabilite\/","og_site_name":"Dr. Ducu Clinics","article_publisher":"https:\/\/www.facebook.com\/drducu.london","article_modified_time":"2024-10-31T20:23:05+00:00","og_image":[{"width":2000,"height":1176,"url":"https:\/\/drducuclinics.com\/wp-content\/uploads\/2022\/10\/logo.png","type":"image\/png"}],"twitter_card":"summary_large_image","twitter_misc":{"Dur\u00e9e de lecture estim\u00e9e":"1 minute"},"schema":{"@context":"https:\/\/schema.org","@graph":[{"@type":"WebPage","@id":"https:\/\/drducuclinics.com\/disclaimer\/","url":"https:\/\/drducuclinics.com\/disclaimer\/","name":"Disclaimer | Dr. Ducu Clinics","isPartOf":{"@id":"https:\/\/drducuclinics.com\/#website"},"datePublished":"2022-11-02T11:16:59+00:00","dateModified":"2024-10-31T20:23:05+00:00","breadcrumb":{"@id":"https:\/\/drducuclinics.com\/disclaimer\/#breadcrumb"},"inLanguage":"fr-FR","potentialAction":[{"@type":"ReadAction","target":["https:\/\/drducuclinics.com\/disclaimer\/"]}]},{"@type":"BreadcrumbList","@id":"https:\/\/drducuclinics.com\/disclaimer\/#breadcrumb","itemListElement":[{"@type":"ListItem","position":1,"name":"Home","item":"https:\/\/drducuclinics.com\/"},{"@type":"ListItem","position":2,"name":"Disclaimer"}]},{"@type":"WebSite","@id":"https:\/\/drducuclinics.com\/#website","url":"https:\/\/drducuclinics.com\/","name":"Le Dr Ducu Cliniques","description":"Le Dr Ducu Cliniques","publisher":{"@id":"https:\/\/drducuclinics.com\/#organization"},"potentialAction":[{"@type":"SearchAction","target":{"@type":"EntryPoint","urlTemplate":"https:\/\/drducuclinics.com\/?s={search_term_string}"},"query-input":{"@type":"PropertyValueSpecification","valueRequired":true,"valueName":"search_term_string"}}],"inLanguage":"fr-FR"},{"@type":"Organization","@id":"https:\/\/drducuclinics.com\/#organization","name":"Le Dr Ducu Cliniques","url":"https:\/\/drducuclinics.com\/","logo":{"@type":"ImageObject","inLanguage":"fr-FR","@id":"https:\/\/drducuclinics.com\/#\/schema\/logo\/image\/","url":"https:\/\/drducuclinics.com\/wp-content\/uploads\/2022\/10\/DrDucu-Gradient-cropped.svg","contentUrl":"https:\/\/drducuclinics.com\/wp-content\/uploads\/2022\/10\/DrDucu-Gradient-cropped.svg","width":1314,"height":1633,"caption":"Dr. Ducu Clinics"},"image":{"@id":"https:\/\/drducuclinics.com\/#\/schema\/logo\/image\/"},"sameAs":["https:\/\/www.facebook.com\/drducu.london","https:\/\/www.instagram.com\/drducu.clinics\/"]}]}},"_links":{"self":[{"href":"https:\/\/drducuclinics.com\/fr\/wp-json\/wp\/v2\/pages\/227","targetHints":{"allow":["GET"]}}],"collection":[{"href":"https:\/\/drducuclinics.com\/fr\/wp-json\/wp\/v2\/pages"}],"about":[{"href":"https:\/\/drducuclinics.com\/fr\/wp-json\/wp\/v2\/types\/page"}],"author":[{"embeddable":true,"href":"https:\/\/drducuclinics.com\/fr\/wp-json\/wp\/v2\/users\/1"}],"replies":[{"embeddable":true,"href":"https:\/\/drducuclinics.com\/fr\/wp-json\/wp\/v2\/comments?post=227"}],"version-history":[{"count":8,"href":"https:\/\/drducuclinics.com\/fr\/wp-json\/wp\/v2\/pages\/227\/revisions"}],"predecessor-version":[{"id":11480,"href":"https:\/\/drducuclinics.com\/fr\/wp-json\/wp\/v2\/pages\/227\/revisions\/11480"}],"wp:attachment":[{"href":"https:\/\/drducuclinics.com\/fr\/wp-json\/wp\/v2\/media?parent=227"}],"curies":[{"name":"wp","href":"https:\/\/api.w.org\/{rel}","templated":true}]}}