{"id":239,"date":"2022-11-02T11:25:46","date_gmt":"2022-11-02T11:25:46","guid":{"rendered":"https:\/\/drducuclinics.com\/?page_id=239"},"modified":"2025-11-20T14:03:40","modified_gmt":"2025-11-20T14:03:40","slug":"terminos-condiciones","status":"publish","type":"page","link":"https:\/\/drducuclinics.com\/es\/terminos-condiciones\/","title":{"rendered":"T\u00c9RMINOS &amp; CONDICIONES"},"content":{"rendered":"<p>Estimado Cliente,<br>El Dr. Ducu Cl\u00ednicas opera como una entidad unificada bajo la direcci\u00f3n del mismo director, que abarca tanto la NKD Medical Ltd y M\u00e9dico Ducu Botoaca Cl\u00ednica Ltd. El director tiene la exclusividad de los derechos de propiedad de todas las marcas, propiedad intelectual y propiedad de los materiales asociados con estas empresas. Esta propiedad se extiende a todas las marcas, los procesos y los contenidos desarrollados o utilizados por el Dr. Ducu Cl\u00ednicas, que garantiza el control y la gesti\u00f3n de todos los activos de propiedad intelectual a trav\u00e9s de la organizaci\u00f3n.<\/p>\n\n\n\n<h3 class=\"wp-block-heading\"><strong>El IVA y el precio de la Consulta de la Pol\u00edtica de<\/strong><\/h3>\n\n\n\n<p>Por favor, tenga en cuenta que el IVA puede ser aplicado a los no-procedimientos m\u00e9dicos. Por lo tanto, todos nuestros procedimientos requieren general inicial de la consulta m\u00e9dica con una cuota de \u00a3500. Durante esta consulta, el m\u00e9dico evaluar\u00e1 si el procedimiento es por est\u00e9tica o fines m\u00e9dicos. Esta tasa sirve como un dep\u00f3sito y se deducir\u00e1n del costo total de cualquier procedimiento ulterior decide someterse.<\/p>\n\n\n\n<p>Por favor tenga en cuenta que nosotros NO REEMBOLSABLES de la pol\u00edtica para las cantidades pagadas a la cl\u00ednica, por lo tanto, en cualquier caso, los pagos efectuados a nuestra Cl\u00ednica no ser\u00e1 devuelto a usted, como se explica en los presentes T\u00e9rminos y Condiciones relativos a los pagos.<\/p>\n\n\n\n<p>Por esta raz\u00f3n, antes de hacer una reserva, le pedimos a usted para asegurarse de que son capaces de llegar a su elegido la fecha y hora.<\/p>\n\n\n\n<p>Debido al hecho de que dentro de la ranura de tiempo asignado para su reserva confirmada nos negamos otras reservas, en caso de cancelaci\u00f3n o no-show, el dep\u00f3sito de los pagos no son reembolsables.<\/p>\n\n\n\n<p>Los pagos para el procedimiento se realiza antes del inicio de cualquier procedimiento y en cualquier caso, despu\u00e9s de haber tenido una consulta.<\/p>\n\n\n\n<p>Si se considera adecuado para un procedimiento por el m\u00e9dico, antes de decidir si desea continuar con el procedimiento, por favor aseg\u00farese de que usted tiene una comprensi\u00f3n completa y profunda de todos los aspectos que intervienen en el procedimiento elegido, si\u00e9ntase libre de hacer cualquier pregunta que usted pueda tener y ser siempre conscientes de que se puede denegar en cualquier momento y realizar el procedimiento, si no se considera en su mejor inter\u00e9s.<\/p>\n\n\n\n<h3 class=\"wp-block-heading\">Dep\u00f3sito de reserva honorarios por Consultas<\/h3>\n\n\n\n<p>Para la confirmaci\u00f3n de una consulta con el m\u00e9dico, usted estar\u00e1 obligado a pagar el importe del dep\u00f3sito relacionados con cada tipo de procedimiento.<\/p>\n\n\n\n<p>El costo de la consulta es deducible del precio de la del procedimiento, si usted elige tener que\/ellos realizan y si se considera apropiado para el procedimiento, despu\u00e9s de la consulta.<\/p>\n\n\n\n<p>El dep\u00f3sito de reserva honorarios por consultas no son reembolsables, independientemente de la raz\u00f3n por la cual usted no puede venir a la hora del d\u00eda y de la hora.<\/p>\n\n\n\n<p><strong><strong>Dep\u00f3sito de reserva honorarios por consultas, seguido por los Procedimientos (por DrDucu Londres Pacientes*)<\/strong><\/strong><\/p>\n\n\n\n<p>La reserva de cualquier procedimiento, consistir\u00e1 en tener una consulta antes de que el procedimiento, que puede ser seguido por la realizaci\u00f3n del procedimiento (si es que decide hacerlo), pero puede resultar en que el m\u00e9dico negarse a realizar el procedimiento, la evaluaci\u00f3n que no son adecuados para dicho procedimiento, o que no es de su inter\u00e9s, para la salud o Est\u00e9tica y razones M\u00e9dicas.<\/p>\n\n\n\n<p>Por favor, tenga en cuenta que, si usted ha tenido el procedimiento de antes, y usted desea reservar directamente el procedimiento, la tasa de dep\u00f3sito es la relativa a la consulta para el procedimiento y el resto del importe ser\u00e1 abonado antes del procedimiento.<\/p>\n\n\n\n<p>El precio de las consultas es deducible del precio de los procedimientos, si usted elige para su realizaci\u00f3n y, si se considera apropiado para el procedimiento, despu\u00e9s de la consulta.<\/p>\n\n\n\n<p>Por favor, tenga en cuenta que, en cualquier caso, no podemos garantizar que despu\u00e9s de una consulta que usted ser\u00e1 considerada apropiada para el procedimiento que usted ha elegido, de tal funci\u00f3n en su mejor inter\u00e9s, teniendo en cuenta sus condiciones de salud, los medicamentos que toman, realizado previamente los procedimientos actuales y necesidades m\u00e9dicas.<\/p>\n\n\n\n<p>Por favor tenga en cuenta que el pago de la fianza para que la consulta no es reembolsable, independientemente de la raz\u00f3n, incluyendo, pero no limitado a, ser considerado inadecuados para el procedimiento que usted ha elegido.<\/p>\n\n\n\n<h3 class=\"wp-block-heading\"><strong>Dep\u00f3sito de reserva honorarios para los Entrenamientos efectuados por los alumnos<\/strong><\/h3>\n\n\n\n<p>Debido al hecho de que dentro de la ranura de tiempo asignado para su reserva confirmada nos negamos otras reservas, en caso de cancelaci\u00f3n o no-show, el dep\u00f3sito de los pagos para los entrenamientos no son reembolsables.<\/p>\n\n\n\n<h3 class=\"wp-block-heading\"><strong>LA CANCELACI\u00d3N Y REPROGRAMACI\u00d3N DE LA POL\u00cdTICA<\/strong> <\/h3>\n\n\n\n<p>Para asegurar su procedimiento fecha, un <strong>dep\u00f3sito no reembolsable<\/strong> se requiere: <strong>\u00a3500<\/strong> para todos los procedimientos de m\u00e1s de \u00a31.000, <strong>\u00a31,000<\/strong> para el trasplante de cabello tratamientos, y <strong>\u00a3150<\/strong> para faciales, tratamientos inyectables.<\/p>\n\n\n\n<p>Si usted decide cancelar o posponer, podemos conservar el valor de su dep\u00f3sito como una verdadera estimaci\u00f3n de nuestro directa de los costes \u2014 incluidos los administrativos preparaci\u00f3n pre-operatoria de trabajo, y se reserv\u00f3 cl\u00ednica o el teatro de tiempo. Si nuestra p\u00e9rdida real es menor, o si somos capaces de volver a reservar su cita, el saldo restante ser\u00e1 devuelto en consecuencia.<\/p>\n\n\n\n<p>En el improbable caso de que debemos cancelar su procedimiento, usted recibir\u00e1 un <strong>reembolso completo<\/strong> para cualquiera de los servicios a\u00fan no prestados.<\/p>\n\n\n\n<p>Por tel\u00e9fono o en l\u00ednea reservas, un <strong>14-d\u00eda del per\u00edodo de reflexi\u00f3n<\/strong> se aplica. Si usted solicita que comenzar los servicios dentro de este per\u00edodo, usted acepta que proporcional de los costos de los trabajos terminados pueden ser cargadas. Una vez que el servicio ha sido cumplido en su totalidad, el enfriamiento de la derecha ya no se aplica.<\/p>\n\n\n\n<p>Le pedimos que usted proporcione al menos <strong>72 horas de antelaci\u00f3n<\/strong> si usted necesita cancelar o reprogramar una faciales inyectables cita. Esto nos permite atender su solicitud y hacer los arreglos necesarios.<\/p>\n\n\n\n<p>Mediante el pago del dep\u00f3sito, usted confirma su aceptaci\u00f3n de esta pol\u00edtica. Esto no afectar\u00e1 sus derechos legales.<\/p>\n\n\n\n<h3 class=\"wp-block-heading\"><strong>LA IMPUNTUALIDAD DE LA POL\u00cdTICA<\/strong><\/h3>\n\n\n\n<p>Podemos permitir que un <strong>15 minutos de periodo de gracia<\/strong> para las llegadas tarde. Sin embargo, si usted llega m\u00e1s de 15 minutos despu\u00e9s de la hora de su cita, la cita puede ser necesario volver a programar, y un <strong>recargo equivalente a la plena precio de la consulta<\/strong> se aplicar\u00e1.<\/p>\n\n\n\n<h3 class=\"wp-block-heading\"><strong><strong>POL\u00cdTICA DE NO PRESENTARSE<\/strong><\/strong><\/h3>\n\n\n\n<p>Si usted no asiste a su cita sin previa notificaci\u00f3n de cancelaci\u00f3n o reprogramaci\u00f3n, su dep\u00f3sito ser\u00e1 reembolsado.<\/p>\n\n\n\n<p>Gracias por su comprensi\u00f3n y cooperaci\u00f3n.<br>Si usted tiene alguna pregunta sobre esta pol\u00edtica, por favor no dude en ponerse en contacto con nuestro equipo.<\/p>\n\n\n\n<h3 class=\"wp-block-heading\"><strong><strong><strong>El Dr. Ducu De La Academia<\/strong><\/strong><\/strong><\/h3>\n\n\n\n<ol class=\"wp-block-list\">\n<li>La elegibilidad para la Inscripci\u00f3n del Dr. Ducu Academia ofrece clases magistrales y cursos exclusivamente para m\u00e9dicos, enfermeras, y otros profesionales de la medicina. La matr\u00edcula est\u00e1 sujeta a la conformidad con cada pa\u00eds de la legislaci\u00f3n que regula la formaci\u00f3n m\u00e9dica y de las cualificaciones profesionales. Los participantes deben asegurarse de que cumplen los requisitos legales en sus respectivas jurisdicciones para asistir a m\u00e9dicos de programas de capacitaci\u00f3n.<\/li>\n\n\n\n<li>Diploma de Emisi\u00f3n Dr. Ducu Academy proporciona un diploma de participaci\u00f3n y un diploma de finalizaci\u00f3n de los m\u00e9dicos y profesionales de la medicina que asistir y completar los programas de capacitaci\u00f3n. Estos diplomas que certifican la participaci\u00f3n y la finalizaci\u00f3n con \u00e9xito del curso, pero no confieren ning\u00fan formal de la titulaci\u00f3n en medicina o licencia, ni dar\u00e1 derecho a obtener un seguro o el derecho a la pr\u00e1ctica. Se trata de un curso para la Continuaci\u00f3n del Desarrollo Personal (CPD) que muestra c\u00f3mo hacer este procedimiento de manera segura, pero no estamos regulados cuerpo que puede ofrecer la acreditaci\u00f3n.<\/li>\n\n\n\n<li>Cumplimiento con las Regulaciones Locales es responsabilidad del participante para comprobar que asiste el Dr. Ducu cursos de la Academia cumple con las normativas locales en su pa\u00eds. El Dr. Ducu Academia no asume ninguna responsabilidad de verificar la elegibilidad de los participantes m\u00e1s all\u00e1 de los requisitos del curso.<br>Al inscribirse en nuestros cursos, los participantes reconocen y aceptan estos t\u00e9rminos y confirmar su cumplimiento con las correspondientes regulaciones m\u00e9dicas en su pa\u00eds.<\/li>\n<\/ol>\n\n\n\n<p><br><strong>*DISCALIMER de VIDEO en L\u00cdNEA MAGISTRAL: Usted entiende y acepta que por la compra de esta clase magistral se le de ganancia no\/no se otorga ning\u00fan derecho para la pr\u00e1ctica del procedimiento. La informaci\u00f3n proporcionada representa la opini\u00f3n de la t\/a DrDucu Londres y no debe ser invocado de manera diferente. El tutorial en l\u00ednea no infrinja ninguno de los derechos de terceros. Cualquier otra garant\u00eda, condici\u00f3n, declaraci\u00f3n o empresas impl\u00edcita, legal o de otro tipo en relaci\u00f3n con el tutorial en l\u00ednea quedan excluidas en la medida m\u00e1xima permitida por la ley.<\/strong><\/p>\n\n\n\n<p>No utilice t\u00e9cnicas que se muestra sin consultar a un profesional de la salud calificado en primer lugar.<br>Por la compra de este v\u00eddeo se reconoce que el anterior, y comprendo que este video no es reembolsable bajo ninguna circunstancia y no es un sustituto para la formaci\u00f3n de profesionales o de acreditaci\u00f3n.<\/p>\n\n\n\n<p>No se trata en modo alguno como para dar derecho a la pr\u00e1ctica de la presentaci\u00f3n de los procedimientos.<\/p>\n\n\n\n<p>Todos los derechos de autor son propiedad de DrDucu de Londres, y no debe ser vendido o reproducida en cualquier forma.<\/p>\n\n\n\n<p>Usted entiende que este video es un tutorial solo y no re\u00fane los requisitos que se inyecte o tener seguro.<\/p>\n\n\n\n<p>Bajo ninguna circunstancia DrDucu Londres (NKD Medical Ltd o M\u00e9dico Ducu Botoaca Cl\u00ednica Ltd) ser\u00e1 responsable por cualquier p\u00e9rdida o da\u00f1o, incluyendo la p\u00e9rdida de beneficios, p\u00e9rdida de negocio o cualquier p\u00e9rdida indirecta o consecuente que surja como consecuencia de la confianza o de la supuesta dependencia de las t\u00e9cnicas que se muestran. La responsabilidad por muerte o lesiones personales excluido.<\/p>\n\n\n\n<p>El v\u00eddeo est\u00e1 disponible para un nombre de usuario \u00fanico, al comprar el video el comprador reconocimiento de que DrDucu Londres concede el derecho a utilizar el v\u00eddeo por un nombre de usuario \u00fanico (como se identifica una direcci\u00f3n de correo electr\u00f3nico proporcionada para la compra), sin embargo no se otorgan en forma alguna el derecho de reproducir, por cualquier medio o compartir con otras personas o entidades, directa o indirectamente.<\/p>\n\n\n\n<p>El comprador reconoce que no est\u00e1 permitido compartir los v\u00eddeos o cualquier detalles de inicio de sesi\u00f3n con nadie m\u00e1s.<\/p>\n\n\n\n<p>La direcci\u00f3n de correo electr\u00f3nico y direcciones IP son capturados y procesados de acuerdo con la Pol\u00edtica de Privacidad y se utilizan para monitorear el uso del v\u00eddeo, as\u00ed que aseg\u00farese de usar un dispositivo y una ubicaci\u00f3n \u00fanica.<\/p>\n\n\n\n<p>Ofrecemos las evaluaciones de ultrasonido para determinar la presencia de cuerpo relleno; sin embargo, por favor tenga en cuenta que no somos los radi\u00f3logos y no puede proporcionar una evaluaci\u00f3n exhaustiva, ni tampoco asumimos ninguna responsabilidad legal por los resultados<\/p>\n\n\n\n<p>Para cualquier pregunta que usted tenga por favor p\u00f3ngase en contacto con uno de nuestros miembros del equipo en los datos de contacto que figuran en&nbsp;<a href=\"https:\/\/drducuclinics.com\/es\/\">www.drducuclinics.com<\/a><\/p>\n\n\n\n<hr class=\"wp-block-separator has-alpha-channel-opacity\"\/>\n\n\n\n<h3 class=\"wp-block-heading\"><strong><strong>EL VIERNES NEGRO DE LA POL\u00cdTICA<\/strong><\/strong><\/h3>\n\n\n\n<h3 class=\"wp-block-heading\"><strong><strong><strong>LAS RESERVAS EXISTENTES &amp; VIERNES NEGRO OFERTAS<\/strong><\/strong><\/strong><\/h3>\n\n\n\n<p>El viernes negro promociones aplican \u00fanicamente para nuevas reservas realizadas durante el per\u00edodo de la promoci\u00f3n.<\/p>\n\n\n\n<p>Las citas existentes no pueden ser transferidos, modificado, o volver a un precio bajo cualquier viernes Negro ofrecer.<\/p>\n\n\n\n<p>Los clientes que deseen utilizar el viernes Negro tarifas promocionales, pueden hacerlo mediante la programaci\u00f3n de un nuevo nombramiento.<\/p>\n\n\n\n<h3 class=\"wp-block-heading\"><strong><strong><strong><strong>LA CANCELACI\u00d3N Y REPROGRAMACI\u00d3N DE LA POL\u00cdTICA<\/strong><\/strong><\/strong><\/strong><\/h3>\n\n\n\n<p>Para asegurar su procedimiento fecha, <strong>un dep\u00f3sito no reembolsable<\/strong> se requiere: <strong>De \u00a31.000 para DBL\u2122, Skintight\u2122 y el trasplante de cabello tratamientos<\/strong>. Una vez que el dep\u00f3sito ha sido recibido, usted tendr\u00e1 <strong>hasta<\/strong> <strong>seis meses<\/strong> para programar su procedimiento en un momento en que m\u00e1s le convenga.<\/p>\n\n\n\n<p>El dep\u00f3sito es <strong>estrictamente no reembolsable<\/strong>en todas las circunstancias. Sin embargo, usted puede reprogramar su cita siempre se dan en <strong>menos de 7 d\u00edas laborables<\/strong>. Esto nos permite atender su solicitud y hacer los arreglos necesarios. Si tiene menos de 7 d\u00edas de entrega de la notificaci\u00f3n, el dep\u00f3sito se mantendr\u00e1 no reembolsable y un nuevo dep\u00f3sito puede ser requerido para fijar otra fecha.<\/p>\n\n\n\n<p>El pago del dep\u00f3sito se confirma su aceptaci\u00f3n de esta pol\u00edtica y no afecta a sus derechos legales.<\/p>\n\n\n\n<h3 class=\"wp-block-heading\"><strong><strong><strong><strong><strong>LA IMPUNTUALIDAD DE LA POL\u00cdTICA<\/strong><\/strong><\/strong><\/strong><\/strong><\/h3>\n\n\n\n<p>Un per\u00edodo de gracia de <strong>15 minutos<\/strong> es permitido para las llegadas tarde.<\/p>\n\n\n\n<p>Los clientes que lleguen m\u00e1s de 15 minutos, pasado el tiempo programado, podr\u00eda ser necesario cambiar, y una multa equivalente al pleno de la tasa de dep\u00f3sito se pueden aplicar.<\/p>\n\n\n\n<h3 class=\"wp-block-heading\"><strong><strong><strong><strong><strong><strong>POL\u00cdTICA DE NO PRESENTARSE<\/strong><\/strong><\/strong><\/strong><\/strong><\/strong><\/h3>\n\n\n\n<p>Si usted no asiste a su cita sin previa notificaci\u00f3n de cancelaci\u00f3n o reprogramaci\u00f3n, <strong>su dep\u00f3sito ser\u00e1 reembolsado<\/strong>.<\/p>","protected":false},"excerpt":{"rendered":"<p>Dear Customer,Dr. Ducu Clinics operates as a unified entity under the leadership of the same director, encompassing both NKD Medical Ltd and Doctor Ducu Botoaca Clinic Ltd. The director holds exclusive ownership rights to all trademarks, intellectual property, and proprietary materials associated with these companies. This ownership extends to any brands, processes, and content developed [&hellip;]<\/p>\n","protected":false},"author":1,"featured_media":0,"parent":0,"menu_order":0,"comment_status":"closed","ping_status":"closed","template":"","meta":{"_acf_changed":false,"footnotes":""},"class_list":["post-239","page","type-page","status-publish","hentry"],"acf":[],"yoast_head":"<!-- This site is optimized with the Yoast SEO plugin v27.0 - https:\/\/yoast.com\/product\/yoast-seo-wordpress\/ -->\n<title>TERMS &amp; CONDITIONS | Dr. Ducu Clinics<\/title>\n<meta name=\"robots\" content=\"noindex, nofollow\" \/>\n<meta property=\"og:locale\" content=\"es_ES\" \/>\n<meta property=\"og:type\" content=\"article\" \/>\n<meta property=\"og:title\" content=\"TERMS &amp; CONDITIONS | Dr. Ducu Clinics\" \/>\n<meta property=\"og:description\" content=\"Dear Customer,Dr. Ducu Clinics operates as a unified entity under the leadership of the same director, encompassing both NKD Medical Ltd and Doctor Ducu Botoaca Clinic Ltd. The director holds exclusive ownership rights to all trademarks, intellectual property, and proprietary materials associated with these companies. This ownership extends to any brands, processes, and content developed [&hellip;]\" \/>\n<meta property=\"og:url\" content=\"https:\/\/drducuclinics.com\/es\/terminos-condiciones\/\" \/>\n<meta property=\"og:site_name\" content=\"Dr. Ducu Clinics\" \/>\n<meta property=\"article:publisher\" content=\"https:\/\/www.facebook.com\/drducu.london\" \/>\n<meta property=\"article:modified_time\" content=\"2025-11-20T14:03:40+00:00\" \/>\n<meta property=\"og:image\" content=\"https:\/\/drducuclinics.com\/wp-content\/uploads\/2022\/10\/logo.png\" \/>\n\t<meta property=\"og:image:width\" content=\"2000\" \/>\n\t<meta property=\"og:image:height\" content=\"1176\" \/>\n\t<meta property=\"og:image:type\" content=\"image\/png\" \/>\n<meta name=\"twitter:card\" content=\"summary_large_image\" \/>\n<meta name=\"twitter:label1\" content=\"Tiempo de lectura\" \/>\n\t<meta name=\"twitter:data1\" content=\"9 minutos\" \/>\n<script type=\"application\/ld+json\" class=\"yoast-schema-graph\">{\"@context\":\"https:\/\/schema.org\",\"@graph\":[{\"@type\":\"WebPage\",\"@id\":\"https:\/\/drducuclinics.com\/terms-conditions\/\",\"url\":\"https:\/\/drducuclinics.com\/terms-conditions\/\",\"name\":\"TERMS &amp; CONDITIONS | Dr. Ducu Clinics\",\"isPartOf\":{\"@id\":\"https:\/\/drducuclinics.com\/#website\"},\"datePublished\":\"2022-11-02T11:25:46+00:00\",\"dateModified\":\"2025-11-20T14:03:40+00:00\",\"breadcrumb\":{\"@id\":\"https:\/\/drducuclinics.com\/terms-conditions\/#breadcrumb\"},\"inLanguage\":\"es\",\"potentialAction\":[{\"@type\":\"ReadAction\",\"target\":[\"https:\/\/drducuclinics.com\/terms-conditions\/\"]}]},{\"@type\":\"BreadcrumbList\",\"@id\":\"https:\/\/drducuclinics.com\/terms-conditions\/#breadcrumb\",\"itemListElement\":[{\"@type\":\"ListItem\",\"position\":1,\"name\":\"Home\",\"item\":\"https:\/\/drducuclinics.com\/\"},{\"@type\":\"ListItem\",\"position\":2,\"name\":\"TERMS &amp; CONDITIONS\"}]},{\"@type\":\"WebSite\",\"@id\":\"https:\/\/drducuclinics.com\/#website\",\"url\":\"https:\/\/drducuclinics.com\/\",\"name\":\"Dr. Ducu Clinics\",\"description\":\"Dr. Ducu Clinics\",\"publisher\":{\"@id\":\"https:\/\/drducuclinics.com\/#organization\"},\"potentialAction\":[{\"@type\":\"SearchAction\",\"target\":{\"@type\":\"EntryPoint\",\"urlTemplate\":\"https:\/\/drducuclinics.com\/?s={search_term_string}\"},\"query-input\":{\"@type\":\"PropertyValueSpecification\",\"valueRequired\":true,\"valueName\":\"search_term_string\"}}],\"inLanguage\":\"es\"},{\"@type\":\"Organization\",\"@id\":\"https:\/\/drducuclinics.com\/#organization\",\"name\":\"Dr. Ducu Clinics\",\"url\":\"https:\/\/drducuclinics.com\/\",\"logo\":{\"@type\":\"ImageObject\",\"inLanguage\":\"es\",\"@id\":\"https:\/\/drducuclinics.com\/#\/schema\/logo\/image\/\",\"url\":\"https:\/\/drducuclinics.com\/wp-content\/uploads\/2022\/10\/DrDucu-Gradient-cropped.svg\",\"contentUrl\":\"https:\/\/drducuclinics.com\/wp-content\/uploads\/2022\/10\/DrDucu-Gradient-cropped.svg\",\"width\":1314,\"height\":1633,\"caption\":\"Dr. Ducu Clinics\"},\"image\":{\"@id\":\"https:\/\/drducuclinics.com\/#\/schema\/logo\/image\/\"},\"sameAs\":[\"https:\/\/www.facebook.com\/drducu.london\",\"https:\/\/www.instagram.com\/drducu.clinics\/\"]}]}<\/script>\n<!-- \/ Yoast SEO plugin. -->","yoast_head_json":{"title":"T\u00c9RMINOS y CONDICIONES | Dr. Ducu Cl\u00ednicas","robots":{"index":"noindex","follow":"nofollow"},"og_locale":"es_ES","og_type":"article","og_title":"TERMS &amp; CONDITIONS | Dr. Ducu Clinics","og_description":"Dear Customer,Dr. Ducu Clinics operates as a unified entity under the leadership of the same director, encompassing both NKD Medical Ltd and Doctor Ducu Botoaca Clinic Ltd. The director holds exclusive ownership rights to all trademarks, intellectual property, and proprietary materials associated with these companies. This ownership extends to any brands, processes, and content developed [&hellip;]","og_url":"https:\/\/drducuclinics.com\/es\/terminos-condiciones\/","og_site_name":"Dr. Ducu Clinics","article_publisher":"https:\/\/www.facebook.com\/drducu.london","article_modified_time":"2025-11-20T14:03:40+00:00","og_image":[{"width":2000,"height":1176,"url":"https:\/\/drducuclinics.com\/wp-content\/uploads\/2022\/10\/logo.png","type":"image\/png"}],"twitter_card":"summary_large_image","twitter_misc":{"Tiempo de lectura":"9 minutos"},"schema":{"@context":"https:\/\/schema.org","@graph":[{"@type":"WebPage","@id":"https:\/\/drducuclinics.com\/terms-conditions\/","url":"https:\/\/drducuclinics.com\/terms-conditions\/","name":"T\u00c9RMINOS y CONDICIONES | Dr. Ducu Cl\u00ednicas","isPartOf":{"@id":"https:\/\/drducuclinics.com\/#website"},"datePublished":"2022-11-02T11:25:46+00:00","dateModified":"2025-11-20T14:03:40+00:00","breadcrumb":{"@id":"https:\/\/drducuclinics.com\/terms-conditions\/#breadcrumb"},"inLanguage":"es","potentialAction":[{"@type":"ReadAction","target":["https:\/\/drducuclinics.com\/terms-conditions\/"]}]},{"@type":"BreadcrumbList","@id":"https:\/\/drducuclinics.com\/terms-conditions\/#breadcrumb","itemListElement":[{"@type":"ListItem","position":1,"name":"Home","item":"https:\/\/drducuclinics.com\/"},{"@type":"ListItem","position":2,"name":"TERMS &amp; CONDITIONS"}]},{"@type":"WebSite","@id":"https:\/\/drducuclinics.com\/#website","url":"https:\/\/drducuclinics.com\/","name":"El Dr. Ducu Cl\u00ednicas","description":"El Dr. Ducu Cl\u00ednicas","publisher":{"@id":"https:\/\/drducuclinics.com\/#organization"},"potentialAction":[{"@type":"SearchAction","target":{"@type":"EntryPoint","urlTemplate":"https:\/\/drducuclinics.com\/?s={search_term_string}"},"query-input":{"@type":"PropertyValueSpecification","valueRequired":true,"valueName":"search_term_string"}}],"inLanguage":"es"},{"@type":"Organization","@id":"https:\/\/drducuclinics.com\/#organization","name":"El Dr. Ducu Cl\u00ednicas","url":"https:\/\/drducuclinics.com\/","logo":{"@type":"ImageObject","inLanguage":"es","@id":"https:\/\/drducuclinics.com\/#\/schema\/logo\/image\/","url":"https:\/\/drducuclinics.com\/wp-content\/uploads\/2022\/10\/DrDucu-Gradient-cropped.svg","contentUrl":"https:\/\/drducuclinics.com\/wp-content\/uploads\/2022\/10\/DrDucu-Gradient-cropped.svg","width":1314,"height":1633,"caption":"Dr. Ducu Clinics"},"image":{"@id":"https:\/\/drducuclinics.com\/#\/schema\/logo\/image\/"},"sameAs":["https:\/\/www.facebook.com\/drducu.london","https:\/\/www.instagram.com\/drducu.clinics\/"]}]}},"_links":{"self":[{"href":"https:\/\/drducuclinics.com\/es\/wp-json\/wp\/v2\/pages\/239","targetHints":{"allow":["GET"]}}],"collection":[{"href":"https:\/\/drducuclinics.com\/es\/wp-json\/wp\/v2\/pages"}],"about":[{"href":"https:\/\/drducuclinics.com\/es\/wp-json\/wp\/v2\/types\/page"}],"author":[{"embeddable":true,"href":"https:\/\/drducuclinics.com\/es\/wp-json\/wp\/v2\/users\/1"}],"replies":[{"embeddable":true,"href":"https:\/\/drducuclinics.com\/es\/wp-json\/wp\/v2\/comments?post=239"}],"version-history":[{"count":14,"href":"https:\/\/drducuclinics.com\/es\/wp-json\/wp\/v2\/pages\/239\/revisions"}],"predecessor-version":[{"id":16611,"href":"https:\/\/drducuclinics.com\/es\/wp-json\/wp\/v2\/pages\/239\/revisions\/16611"}],"wp:attachment":[{"href":"https:\/\/drducuclinics.com\/es\/wp-json\/wp\/v2\/media?parent=239"}],"curies":[{"name":"wp","href":"https:\/\/api.w.org\/{rel}","templated":true}]}}