{"id":227,"date":"2022-11-02T11:16:59","date_gmt":"2022-11-02T11:16:59","guid":{"rendered":"https:\/\/drducuclinics.com\/?page_id=227"},"modified":"2024-10-31T20:23:05","modified_gmt":"2024-10-31T20:23:05","slug":"descargo-de-responsabilidad","status":"publish","type":"page","link":"https:\/\/drducuclinics.com\/es\/descargo-de-responsabilidad\/","title":{"rendered":"Descargo de responsabilidad"},"content":{"rendered":"<div data-elementor-type=\"wp-page\" data-elementor-id=\"227\" class=\"elementor elementor-227\" data-elementor-post-type=\"page\">\n\t\t\t\t\t\t<section class=\"elementor-section elementor-top-section elementor-element elementor-element-60dc7bea elementor-section-boxed elementor-section-height-default elementor-section-height-default\" data-id=\"60dc7bea\" data-element_type=\"section\" data-e-type=\"section\">\n\t\t\t\t\t\t<div class=\"elementor-container elementor-column-gap-default\">\n\t\t\t\t\t<div class=\"elementor-column elementor-col-100 elementor-top-column elementor-element elementor-element-7a2b99bd\" data-id=\"7a2b99bd\" data-element_type=\"column\" data-e-type=\"column\">\n\t\t\t<div class=\"elementor-widget-wrap elementor-element-populated\">\n\t\t\t\t\t\t<div class=\"elementor-element elementor-element-b21d7ae elementor-widget elementor-widget-text-editor\" data-id=\"b21d7ae\" data-element_type=\"widget\" data-e-type=\"widget\" data-settings=\"{&quot;ekit_we_effect_on&quot;:&quot;none&quot;}\" data-widget_type=\"text-editor.default\">\n\t\t\t\t<div class=\"elementor-widget-container\">\n\t\t\t\t\t\t\t\t\t<p>La informaci\u00f3n contenida en&nbsp;<a href=\"https:\/\/drducuclinics.com\/es\">drducuclinics.com<\/a> sitio web (el &#034;Servicio&#034;) es para fines de informaci\u00f3n general solamente.<\/p>\n<p>NKD Medical LTD no asume ninguna responsabilidad por errores u omisiones en el contenido en el Servicio.<\/p>\n<p>En ning\u00fan caso NKD Medical LTD ser\u00e1 responsable por da\u00f1os especiales, directos, indirectos, consecuentes o incidentales o da\u00f1os de cualquier tipo, ya sea en una acci\u00f3n de contrato, negligencia u otro agravio, que surjan de o en conexi\u00f3n con el uso del Servicio o el contenido del Servicio. NKD Medical LTD se reserva el derecho a realizar las adiciones, supresiones, o modificaci\u00f3n en el contenido del Servicio en cualquier momento sin previo aviso.<\/p>\n<p>NKD Medical LTD no garantiza que el sitio web est\u00e9 libre de virus o de otros componentes da\u00f1inos.<\/p>\n<p>Renuncia de enlaces externos<br><a href=\"https:\/\/drducuclinics.com\/es\">https:\/\/www.drducuclinics.com<\/a>&nbsp;sitio web puede contener enlaces a sitios web externos que no est\u00e1n previstos o mantenida por o en cualquier manera relacionada con NKD Medical LTD.<\/p>\n<p>Por favor, tenga en cuenta que la NKD Medical LTD no garantiza la exactitud, relevancia, actualidad o integridad de cualquier informaci\u00f3n en estos sitios web externos.<\/p>\t\t\t\t\t\t\t\t<\/div>\n\t\t\t\t<\/div>\n\t\t\t\t\t<\/div>\n\t\t<\/div>\n\t\t\t\t\t<\/div>\n\t\t<\/section>\n\t\t\t\t<\/div>","protected":false},"excerpt":{"rendered":"<p>The information contained on&nbsp;drducuclinics.com website (the \u201cService\u201d) is for general information purposes only. NKD Medical&nbsp;LTD assumes no responsibility for errors or omissions in the contents on the Service. In no event shall NKD Medical LTD be liable for any special, direct, indirect, consequential, or incidental damages or any damages whatsoever, whether in an action of [&hellip;]<\/p>\n","protected":false},"author":1,"featured_media":0,"parent":0,"menu_order":0,"comment_status":"closed","ping_status":"closed","template":"","meta":{"_acf_changed":false,"footnotes":""},"class_list":["post-227","page","type-page","status-publish","hentry"],"acf":[],"yoast_head":"<!-- This site is optimized with the Yoast SEO plugin v27.0 - https:\/\/yoast.com\/product\/yoast-seo-wordpress\/ -->\n<title>Disclaimer | Dr. Ducu Clinics<\/title>\n<meta name=\"robots\" content=\"noindex, nofollow\" \/>\n<meta property=\"og:locale\" content=\"es_ES\" \/>\n<meta property=\"og:type\" content=\"article\" \/>\n<meta property=\"og:title\" content=\"Disclaimer | Dr. Ducu Clinics\" \/>\n<meta property=\"og:description\" content=\"The information contained on&nbsp;drducuclinics.com website (the \u201cService\u201d) is for general information purposes only. NKD Medical&nbsp;LTD assumes no responsibility for errors or omissions in the contents on the Service. In no event shall NKD Medical LTD be liable for any special, direct, indirect, consequential, or incidental damages or any damages whatsoever, whether in an action of [&hellip;]\" \/>\n<meta property=\"og:url\" content=\"https:\/\/drducuclinics.com\/es\/descargo-de-responsabilidad\/\" \/>\n<meta property=\"og:site_name\" content=\"Dr. Ducu Clinics\" \/>\n<meta property=\"article:publisher\" content=\"https:\/\/www.facebook.com\/drducu.london\" \/>\n<meta property=\"article:modified_time\" content=\"2024-10-31T20:23:05+00:00\" \/>\n<meta property=\"og:image\" content=\"https:\/\/drducuclinics.com\/wp-content\/uploads\/2022\/10\/logo.png\" \/>\n\t<meta property=\"og:image:width\" content=\"2000\" \/>\n\t<meta property=\"og:image:height\" content=\"1176\" \/>\n\t<meta property=\"og:image:type\" content=\"image\/png\" \/>\n<meta name=\"twitter:card\" content=\"summary_large_image\" \/>\n<meta name=\"twitter:label1\" content=\"Tiempo de lectura\" \/>\n\t<meta name=\"twitter:data1\" content=\"1 minuto\" \/>\n<script type=\"application\/ld+json\" class=\"yoast-schema-graph\">{\"@context\":\"https:\/\/schema.org\",\"@graph\":[{\"@type\":\"WebPage\",\"@id\":\"https:\/\/drducuclinics.com\/disclaimer\/\",\"url\":\"https:\/\/drducuclinics.com\/disclaimer\/\",\"name\":\"Disclaimer | Dr. Ducu Clinics\",\"isPartOf\":{\"@id\":\"https:\/\/drducuclinics.com\/#website\"},\"datePublished\":\"2022-11-02T11:16:59+00:00\",\"dateModified\":\"2024-10-31T20:23:05+00:00\",\"breadcrumb\":{\"@id\":\"https:\/\/drducuclinics.com\/disclaimer\/#breadcrumb\"},\"inLanguage\":\"es\",\"potentialAction\":[{\"@type\":\"ReadAction\",\"target\":[\"https:\/\/drducuclinics.com\/disclaimer\/\"]}]},{\"@type\":\"BreadcrumbList\",\"@id\":\"https:\/\/drducuclinics.com\/disclaimer\/#breadcrumb\",\"itemListElement\":[{\"@type\":\"ListItem\",\"position\":1,\"name\":\"Home\",\"item\":\"https:\/\/drducuclinics.com\/\"},{\"@type\":\"ListItem\",\"position\":2,\"name\":\"Disclaimer\"}]},{\"@type\":\"WebSite\",\"@id\":\"https:\/\/drducuclinics.com\/#website\",\"url\":\"https:\/\/drducuclinics.com\/\",\"name\":\"Dr. Ducu Clinics\",\"description\":\"Dr. Ducu Clinics\",\"publisher\":{\"@id\":\"https:\/\/drducuclinics.com\/#organization\"},\"potentialAction\":[{\"@type\":\"SearchAction\",\"target\":{\"@type\":\"EntryPoint\",\"urlTemplate\":\"https:\/\/drducuclinics.com\/?s={search_term_string}\"},\"query-input\":{\"@type\":\"PropertyValueSpecification\",\"valueRequired\":true,\"valueName\":\"search_term_string\"}}],\"inLanguage\":\"es\"},{\"@type\":\"Organization\",\"@id\":\"https:\/\/drducuclinics.com\/#organization\",\"name\":\"Dr. Ducu Clinics\",\"url\":\"https:\/\/drducuclinics.com\/\",\"logo\":{\"@type\":\"ImageObject\",\"inLanguage\":\"es\",\"@id\":\"https:\/\/drducuclinics.com\/#\/schema\/logo\/image\/\",\"url\":\"https:\/\/drducuclinics.com\/wp-content\/uploads\/2022\/10\/DrDucu-Gradient-cropped.svg\",\"contentUrl\":\"https:\/\/drducuclinics.com\/wp-content\/uploads\/2022\/10\/DrDucu-Gradient-cropped.svg\",\"width\":1314,\"height\":1633,\"caption\":\"Dr. Ducu Clinics\"},\"image\":{\"@id\":\"https:\/\/drducuclinics.com\/#\/schema\/logo\/image\/\"},\"sameAs\":[\"https:\/\/www.facebook.com\/drducu.london\",\"https:\/\/www.instagram.com\/drducu.clinics\/\"]}]}<\/script>\n<!-- \/ Yoast SEO plugin. -->","yoast_head_json":{"title":"Disclaimer | Dr. Ducu Clinics","robots":{"index":"noindex","follow":"nofollow"},"og_locale":"es_ES","og_type":"article","og_title":"Disclaimer | Dr. Ducu Clinics","og_description":"The information contained on&nbsp;drducuclinics.com website (the \u201cService\u201d) is for general information purposes only. NKD Medical&nbsp;LTD assumes no responsibility for errors or omissions in the contents on the Service. In no event shall NKD Medical LTD be liable for any special, direct, indirect, consequential, or incidental damages or any damages whatsoever, whether in an action of [&hellip;]","og_url":"https:\/\/drducuclinics.com\/es\/descargo-de-responsabilidad\/","og_site_name":"Dr. Ducu Clinics","article_publisher":"https:\/\/www.facebook.com\/drducu.london","article_modified_time":"2024-10-31T20:23:05+00:00","og_image":[{"width":2000,"height":1176,"url":"https:\/\/drducuclinics.com\/wp-content\/uploads\/2022\/10\/logo.png","type":"image\/png"}],"twitter_card":"summary_large_image","twitter_misc":{"Tiempo de lectura":"1 minuto"},"schema":{"@context":"https:\/\/schema.org","@graph":[{"@type":"WebPage","@id":"https:\/\/drducuclinics.com\/disclaimer\/","url":"https:\/\/drducuclinics.com\/disclaimer\/","name":"Disclaimer | Dr. Ducu Clinics","isPartOf":{"@id":"https:\/\/drducuclinics.com\/#website"},"datePublished":"2022-11-02T11:16:59+00:00","dateModified":"2024-10-31T20:23:05+00:00","breadcrumb":{"@id":"https:\/\/drducuclinics.com\/disclaimer\/#breadcrumb"},"inLanguage":"es","potentialAction":[{"@type":"ReadAction","target":["https:\/\/drducuclinics.com\/disclaimer\/"]}]},{"@type":"BreadcrumbList","@id":"https:\/\/drducuclinics.com\/disclaimer\/#breadcrumb","itemListElement":[{"@type":"ListItem","position":1,"name":"Home","item":"https:\/\/drducuclinics.com\/"},{"@type":"ListItem","position":2,"name":"Disclaimer"}]},{"@type":"WebSite","@id":"https:\/\/drducuclinics.com\/#website","url":"https:\/\/drducuclinics.com\/","name":"El Dr. Ducu Cl\u00ednicas","description":"El Dr. Ducu Cl\u00ednicas","publisher":{"@id":"https:\/\/drducuclinics.com\/#organization"},"potentialAction":[{"@type":"SearchAction","target":{"@type":"EntryPoint","urlTemplate":"https:\/\/drducuclinics.com\/?s={search_term_string}"},"query-input":{"@type":"PropertyValueSpecification","valueRequired":true,"valueName":"search_term_string"}}],"inLanguage":"es"},{"@type":"Organization","@id":"https:\/\/drducuclinics.com\/#organization","name":"El Dr. Ducu Cl\u00ednicas","url":"https:\/\/drducuclinics.com\/","logo":{"@type":"ImageObject","inLanguage":"es","@id":"https:\/\/drducuclinics.com\/#\/schema\/logo\/image\/","url":"https:\/\/drducuclinics.com\/wp-content\/uploads\/2022\/10\/DrDucu-Gradient-cropped.svg","contentUrl":"https:\/\/drducuclinics.com\/wp-content\/uploads\/2022\/10\/DrDucu-Gradient-cropped.svg","width":1314,"height":1633,"caption":"Dr. Ducu Clinics"},"image":{"@id":"https:\/\/drducuclinics.com\/#\/schema\/logo\/image\/"},"sameAs":["https:\/\/www.facebook.com\/drducu.london","https:\/\/www.instagram.com\/drducu.clinics\/"]}]}},"_links":{"self":[{"href":"https:\/\/drducuclinics.com\/es\/wp-json\/wp\/v2\/pages\/227","targetHints":{"allow":["GET"]}}],"collection":[{"href":"https:\/\/drducuclinics.com\/es\/wp-json\/wp\/v2\/pages"}],"about":[{"href":"https:\/\/drducuclinics.com\/es\/wp-json\/wp\/v2\/types\/page"}],"author":[{"embeddable":true,"href":"https:\/\/drducuclinics.com\/es\/wp-json\/wp\/v2\/users\/1"}],"replies":[{"embeddable":true,"href":"https:\/\/drducuclinics.com\/es\/wp-json\/wp\/v2\/comments?post=227"}],"version-history":[{"count":8,"href":"https:\/\/drducuclinics.com\/es\/wp-json\/wp\/v2\/pages\/227\/revisions"}],"predecessor-version":[{"id":11480,"href":"https:\/\/drducuclinics.com\/es\/wp-json\/wp\/v2\/pages\/227\/revisions\/11480"}],"wp:attachment":[{"href":"https:\/\/drducuclinics.com\/es\/wp-json\/wp\/v2\/media?parent=227"}],"curies":[{"name":"wp","href":"https:\/\/api.w.org\/{rel}","templated":true}]}}